{"id":2738,"date":"2024-08-11T13:02:53","date_gmt":"2024-08-11T11:02:53","guid":{"rendered":"https:\/\/novum-hr.de\/?page_id=2738"},"modified":"2025-07-15T18:53:56","modified_gmt":"2025-07-15T16:53:56","slug":"nadruk","status":"publish","type":"page","link":"https:\/\/novum-hr.de\/pl\/nadruk\/","title":{"rendered":"Nota prawna"},"content":{"rendered":"<div class=\"fusion-fullwidth fullwidth-box fusion-builder-row-1 fusion-flex-container has-pattern-background has-mask-background nonhundred-percent-fullwidth non-hundred-percent-height-scrolling\" style=\"--awb-border-radius-top-left:0px;--awb-border-radius-top-right:0px;--awb-border-radius-bottom-right:0px;--awb-border-radius-bottom-left:0px;--awb-flex-wrap:wrap;\" ><div class=\"fusion-builder-row fusion-row fusion-flex-align-items-flex-start fusion-flex-content-wrap\" style=\"max-width:1310.4px;margin-left: calc(-4% \/ 2 );margin-right: calc(-4% \/ 2 );\"><div class=\"fusion-layout-column fusion_builder_column fusion-builder-column-0 fusion_builder_column_1_2 1_2 fusion-flex-column\" style=\"--awb-bg-size:cover;--awb-width-large:50%;--awb-margin-top-large:20px;--awb-spacing-right-large:3.84%;--awb-margin-bottom-large:20px;--awb-spacing-left-large:3.84%;--awb-width-medium:50%;--awb-order-medium:0;--awb-spacing-right-medium:3.84%;--awb-spacing-left-medium:3.84%;--awb-width-small:100%;--awb-order-small:0;--awb-spacing-right-small:1.92%;--awb-spacing-left-small:1.92%;\"><div class=\"fusion-column-wrapper fusion-column-has-shadow fusion-flex-justify-content-flex-start fusion-content-layout-column\"><div class=\"fusion-text fusion-text-1\"><p>Iwona Kucharzyk<br \/>NOVUM\/HR<br \/>\nPostfach 1O22O2<br \/>\n34O22 Kassel<\/p>\n<p>Reprezentowany przez: <br \/>Iwona Kucharzyk<\/p>\n<p>Skontaktuj si\u0119 z nami<br \/>Telefon: +49 173 3 544 611<br \/>E-Mail: mail@novum-hr.de<\/p>\n<p>Nie jeste\u015bmy zobowi\u0105zani do udzia\u0142u w post\u0119powaniu rozstrzygaj\u0105cym spory przed arbitra\u017cem konsumenckim.<\/p>\n<\/div><\/div><\/div><div class=\"fusion-layout-column fusion_builder_column fusion-builder-column-1 fusion_builder_column_1_2 1_2 fusion-flex-column\" style=\"--awb-bg-size:cover;--awb-width-large:50%;--awb-margin-top-large:20px;--awb-spacing-right-large:3.84%;--awb-margin-bottom-large:20px;--awb-spacing-left-large:3.84%;--awb-width-medium:50%;--awb-order-medium:0;--awb-spacing-right-medium:3.84%;--awb-spacing-left-medium:3.84%;--awb-width-small:100%;--awb-order-small:0;--awb-spacing-right-small:1.92%;--awb-spacing-left-small:1.92%;\"><div class=\"fusion-column-wrapper fusion-column-has-shadow fusion-flex-justify-content-flex-start fusion-content-layout-column\"><div class=\"fusion-title title fusion-title-1 fusion-sep-none fusion-title-text fusion-title-size-three\"><h3 class=\"fusion-title-heading title-heading-left fusion-responsive-typography-calculated\" style=\"margin:0;--fontSize:36;line-height:1.3;\">Nota prawna<\/h3><\/div><div class=\"fusion-text fusion-text-2\"><p>Novum\/HR dok\u0142ada wszelkich stara\u0144, aby zapewni\u0107 prawid\u0142owe dane i informacje na swoich stronach internetowych. Nie ponosimy jednak odpowiedzialno\u015bci ani nie mo\u017cemy zagwarantowa\u0107 aktualno\u015bci, dok\u0142adno\u015bci i kompletno\u015bci udost\u0119pnianych danych i informacji. Dotyczy to r\u00f3wnie\u017c wszystkich innych stron internetowych, do kt\u00f3rych odsy\u0142a si\u0119 bezpo\u015brednio lub po\u015brednio za pomoc\u0105 hiper\u0142\u0105czy. Novum\/HR nie ponosi odpowiedzialno\u015bci za tre\u015b\u0107 takich stron internetowych, do kt\u00f3rych mo\u017cna uzyska\u0107 dost\u0119p za po\u015brednictwem tych link\u00f3w.<\/p>\n<p>Ponadto Novum\/HR nie ponosi odpowiedzialno\u015bci za jakiekolwiek bezpo\u015brednie lub po\u015brednie szkody, w tym utrat\u0119 zysk\u00f3w, wynikaj\u0105ce z wykorzystania informacji lub danych znalezionych na tej stronie. Prawa i obowi\u0105zki pomi\u0119dzy Novum\/HR a u\u017cytkownikiem niniejszej strony internetowej lub osobami trzecimi s\u0105 r\u00f3wnie\u017c wy\u0142\u0105czone. Novum\/HR zastrzega sobie prawo do wprowadzania zmian lub uzupe\u0142nie\u0144 w dostarczonych informacjach lub danych w dowolnym czasie bez uprzedniego powiadomienia.<\/p>\n<\/div><\/div><\/div><\/div><\/div>\n","protected":false},"excerpt":{"rendered":"","protected":false},"author":1,"featured_media":0,"parent":0,"menu_order":0,"comment_status":"closed","ping_status":"closed","template":"","meta":{"footnotes":""},"class_list":["post-2738","page","type-page","status-publish","hentry"],"_links":{"self":[{"href":"https:\/\/novum-hr.de\/pl\/wp-json\/wp\/v2\/pages\/2738","targetHints":{"allow":["GET"]}}],"collection":[{"href":"https:\/\/novum-hr.de\/pl\/wp-json\/wp\/v2\/pages"}],"about":[{"href":"https:\/\/novum-hr.de\/pl\/wp-json\/wp\/v2\/types\/page"}],"author":[{"embeddable":true,"href":"https:\/\/novum-hr.de\/pl\/wp-json\/wp\/v2\/users\/1"}],"replies":[{"embeddable":true,"href":"https:\/\/novum-hr.de\/pl\/wp-json\/wp\/v2\/comments?post=2738"}],"version-history":[{"count":4,"href":"https:\/\/novum-hr.de\/pl\/wp-json\/wp\/v2\/pages\/2738\/revisions"}],"predecessor-version":[{"id":3002,"href":"https:\/\/novum-hr.de\/pl\/wp-json\/wp\/v2\/pages\/2738\/revisions\/3002"}],"wp:attachment":[{"href":"https:\/\/novum-hr.de\/pl\/wp-json\/wp\/v2\/media?parent=2738"}],"curies":[{"name":"wp","href":"https:\/\/api.w.org\/{rel}","templated":true}]}}