{"id":2745,"date":"2024-08-11T13:16:37","date_gmt":"2024-08-11T11:16:37","guid":{"rendered":"https:\/\/novum-hr.de\/?page_id=2745"},"modified":"2025-01-14T21:06:10","modified_gmt":"2025-01-14T20:06:10","slug":"pracownicy","status":"publish","type":"page","link":"https:\/\/novum-hr.de\/pl\/pracownicy\/","title":{"rendered":"Dla kandydat\u00f3w"},"content":{"rendered":"<p><div class=\"fusion-fullwidth fullwidth-box fusion-builder-row-1 fusion-flex-container has-pattern-background has-mask-background nonhundred-percent-fullwidth non-hundred-percent-height-scrolling\" style=\"--awb-border-radius-top-left:0px;--awb-border-radius-top-right:0px;--awb-border-radius-bottom-right:0px;--awb-border-radius-bottom-left:0px;--awb-flex-wrap:wrap;\" ><div class=\"fusion-builder-row fusion-row fusion-flex-align-items-flex-start fusion-flex-content-wrap\" style=\"max-width:1310.4px;margin-left: calc(-4% \/ 2 );margin-right: calc(-4% \/ 2 );\"><div class=\"fusion-layout-column fusion_builder_column fusion-builder-column-0 fusion_builder_column_1_2 1_2 fusion-flex-column\" style=\"--awb-bg-size:cover;--awb-width-large:50%;--awb-margin-top-large:20px;--awb-spacing-right-large:3.84%;--awb-margin-bottom-large:20px;--awb-spacing-left-large:3.84%;--awb-width-medium:50%;--awb-order-medium:0;--awb-spacing-right-medium:3.84%;--awb-spacing-left-medium:3.84%;--awb-width-small:100%;--awb-order-small:0;--awb-spacing-right-small:1.92%;--awb-spacing-left-small:1.92%;\"><div class=\"fusion-column-wrapper fusion-column-has-shadow fusion-flex-justify-content-flex-start fusion-content-layout-column\"><div class=\"fusion-title title fusion-title-1 fusion-sep-none fusion-title-text fusion-title-size-three\"><h3 class=\"fusion-title-heading title-heading-left fusion-responsive-typography-calculated\" style=\"margin:0;--fontSize:36;line-height:1.3;\"><strong>Bezpo\u015brednie zatrudnienie na atrakcyjnych stanowiskach<\/strong><\/h3><\/div><div class=\"fusion-text fusion-text-1\"><p>Pomagamy znale\u017a\u0107 Ci\u00a0<strong>bezpo\u015brednie zatrudnienie<\/strong>\u00a0na\u00a0<strong>ciekawe stanowiska<\/strong>\u00a0\u2013\u00a0<strong>bez pracy tymczasowej<\/strong>.<\/p>\n<p>W <strong style=\"color: var(--awb-text-color); font-family: var(--h2_typography-font-family); font-size: 1em; font-style: var(--h2_typography-font-style,normal); letter-spacing: var(--h2_typography-letter-spacing); text-transform: var(--h2_typography-text-transform); background-color: var(--awb-bg-color);\"><span data-olk-copy-source=\"MessageBody\"><span style=\"color: #0a4056;\">novum\/HR<span style=\"color: var(--awb-color7);\">.<\/span><\/span><\/span><\/strong>\u00a0wierzymy, \u017ce\u00a0<strong>uczciwe wynagrodzenie<\/strong>\u00a0i\u00a0<strong>jasne zasady zatrudnienia<\/strong>\u00a0s\u0105 kluczem do\u00a0<strong>dobrej wsp\u00f3\u0142pracy<\/strong>. Rezygnuj\u0105c z po\u015brednictwa w pracy tymczasowej, zapewniamy Ci\u00a0<strong>stabilne zatrudnienie<\/strong>\u00a0u przysz\u0142ego pracodawcy.<\/p>\n<p>D\u0105\u017cymy do tego, aby zapewni\u0107 Ci\u00a0<strong>sprawiedliwe warunki pracy<\/strong>\u00a0i stworzy\u0107 \u015brodowisko oparte na\u00a0<strong>zaufaniu i wzajemnym szacunku<\/strong>.<\/p>\n<\/div><\/div><\/div><div class=\"fusion-layout-column fusion_builder_column fusion-builder-column-1 fusion_builder_column_1_2 1_2 fusion-flex-column\" style=\"--awb-bg-size:cover;--awb-width-large:50%;--awb-margin-top-large:20px;--awb-spacing-right-large:3.84%;--awb-margin-bottom-large:20px;--awb-spacing-left-large:3.84%;--awb-width-medium:50%;--awb-order-medium:0;--awb-spacing-right-medium:3.84%;--awb-spacing-left-medium:3.84%;--awb-width-small:100%;--awb-order-small:0;--awb-spacing-right-small:1.92%;--awb-spacing-left-small:1.92%;\"><div class=\"fusion-column-wrapper fusion-column-has-shadow fusion-flex-justify-content-flex-start fusion-content-layout-column\"><div class=\"fusion-title title fusion-title-2 fusion-sep-none fusion-title-text fusion-title-size-three\"><h3 class=\"fusion-title-heading title-heading-left fusion-responsive-typography-calculated\" style=\"margin:0;--fontSize:36;line-height:1.3;\"><strong>Uczciwe warunki i dobra atmosfera w pracy<\/strong><\/h3><\/div><div class=\"fusion-text fusion-text-2\"><p>W <strong style=\"color: var(--awb-text-color); font-family: var(--h2_typography-font-family); font-size: 1em; font-style: var(--h2_typography-font-style,normal); letter-spacing: var(--h2_typography-letter-spacing); text-transform: var(--h2_typography-text-transform); background-color: var(--awb-bg-color);\"><span data-olk-copy-source=\"MessageBody\"><span style=\"color: #0a4056;\">novum\/HR<span style=\"color: var(--awb-color7);\">.<\/span><\/span><\/span><\/strong>\u00a0stawiamy na\u00a0<strong>uczciwe warunki pracy<\/strong>. Zale\u017cy nam, aby\u015b otrzyma\u0142\u00a0<strong>godne wynagrodzenie<\/strong>\u00a0i pracowa\u0142 w\u00a0<strong>przyjaznym \u015brodowisku<\/strong>. Wierzymy, \u017ce dobra atmosfera w pracy to podstawa do\u00a0<strong>zadowolenia zawodowego<\/strong>\u00a0i\u00a0<strong>d\u0142ugotrwa\u0142ej wsp\u00f3\u0142pracy<\/strong>.<\/p>\n<p>Dbamy o to, aby\u015b od samego pocz\u0105tku czu\u0142 si\u0119\u00a0<strong>doceniony<\/strong>\u00a0i\u00a0<strong>wspierany<\/strong>.<\/p>\n<\/div><\/div><\/div><div class=\"fusion-layout-column fusion_builder_column fusion-builder-column-2 fusion_builder_column_1_2 1_2 fusion-flex-column\" style=\"--awb-bg-size:cover;--awb-width-large:50%;--awb-margin-top-large:20px;--awb-spacing-right-large:3.84%;--awb-margin-bottom-large:20px;--awb-spacing-left-large:3.84%;--awb-width-medium:50%;--awb-order-medium:0;--awb-spacing-right-medium:3.84%;--awb-spacing-left-medium:3.84%;--awb-width-small:100%;--awb-order-small:0;--awb-spacing-right-small:1.92%;--awb-spacing-left-small:1.92%;\"><div class=\"fusion-column-wrapper fusion-column-has-shadow fusion-flex-justify-content-flex-start fusion-content-layout-column\"><div class=\"fusion-title title fusion-title-3 fusion-sep-none fusion-title-text fusion-title-size-three\"><h3 class=\"fusion-title-heading title-heading-left fusion-responsive-typography-calculated\" style=\"margin:0;--fontSize:36;line-height:1.3;\"><strong>Nowoczesne godziny pracy \u2013 wi\u0119cej elastyczno\u015bci<\/strong><\/h3><\/div><div class=\"fusion-text fusion-text-3\"><p>Nasze\u00a0<strong>nowoczesne systemy czasu pracy<\/strong>\u00a0pozwalaj\u0105 lepiej planowa\u0107 dzie\u0144, zwi\u0119ksza\u0107\u00a0<strong>produktywno\u015b\u0107<\/strong>\u00a0i dba\u0107 o\u00a0<strong>r\u00f3wnowag\u0119 mi\u0119dzy prac\u0105 a \u017cyciem prywatnym<\/strong>.<\/p>\n<p>W <strong style=\"color: var(--awb-text-color); font-family: var(--h2_typography-font-family); font-size: 1em; font-style: var(--h2_typography-font-style,normal); letter-spacing: var(--h2_typography-letter-spacing); text-transform: var(--h2_typography-text-transform); background-color: var(--awb-bg-color);\"><span data-olk-copy-source=\"MessageBody\"><span style=\"color: #0a4056;\">novum\/HR<span style=\"color: var(--awb-color7);\">.<\/span><\/span><\/span><\/strong>\u00a0dopasowujemy godziny pracy do Twoich potrzeb, zapewniaj\u0105c\u00a0<strong>uczciwe i elastyczne rozwi\u0105zania<\/strong>. Wierzymy, \u017ce taka wsp\u00f3\u0142praca pozwala lepiej zadba\u0107 o Twoj\u0105\u00a0<strong>prywatno\u015b\u0107 i zdrowie<\/strong>, a jednocze\u015bnie osi\u0105ga\u0107\u00a0<strong>zawodowe sukcesy<\/strong>.<\/p>\n<p>Naszym celem jest nie tylko znalezienie Ci pracy, ale r\u00f3wnie\u017c budowanie\u00a0<strong>d\u0142ugoterminowej relacji<\/strong>, kt\u00f3ra pomo\u017ce Ci realizowa\u0107\u00a0<strong>Twoje marzenia i cele zawodowe<\/strong>.<\/p>\n<\/div><\/div><\/div><div class=\"fusion-layout-column fusion_builder_column fusion-builder-column-3 fusion_builder_column_1_2 1_2 fusion-flex-column\" style=\"--awb-bg-size:cover;--awb-width-large:50%;--awb-margin-top-large:20px;--awb-spacing-right-large:3.84%;--awb-margin-bottom-large:20px;--awb-spacing-left-large:3.84%;--awb-width-medium:50%;--awb-order-medium:0;--awb-spacing-right-medium:3.84%;--awb-spacing-left-medium:3.84%;--awb-width-small:100%;--awb-order-small:0;--awb-spacing-right-small:1.92%;--awb-spacing-left-small:1.92%;\"><div class=\"fusion-column-wrapper fusion-column-has-shadow fusion-flex-justify-content-flex-start fusion-content-layout-column\"><div class=\"fusion-title title fusion-title-4 fusion-sep-none fusion-title-text fusion-title-size-three\"><h3 class=\"fusion-title-heading title-heading-left fusion-responsive-typography-calculated\" style=\"margin:0;--fontSize:36;line-height:1.3;\"><strong>Pomoc i rozw\u00f3j zawodowy<\/strong><\/h3><\/div><div class=\"fusion-text fusion-text-4\"><p>Z <strong style=\"color: var(--awb-text-color); font-family: var(--h2_typography-font-family); font-size: 1em; font-style: var(--h2_typography-font-style,normal); letter-spacing: var(--h2_typography-letter-spacing); text-transform: var(--h2_typography-text-transform); background-color: var(--awb-bg-color);\"><span data-olk-copy-source=\"MessageBody\"><span style=\"color: #0a4056;\">novum\/HR<span style=\"color: var(--awb-color7);\">.<\/span><\/span><\/span><\/strong>\u00a0zyskujesz nie tylko pomoc w znalezieniu pracy, ale tak\u017ce\u00a0<strong>osobiste wsparcie<\/strong>. Rozumiemy Twoje potrzeby i pomagamy rozwija\u0107\u00a0<strong>Twoje umiej\u0119tno\u015bci<\/strong>.<\/p>\n<p>Nie tylko wspieramy Ci\u0119 na starcie, ale chcemy pom\u00f3c Ci w\u00a0<strong>rozwoju kariery<\/strong>\u00a0i wsp\u00f3lnie pracowa\u0107 nad Twoim sukcesem.<\/p>\n<\/div><\/div><\/div><\/div><\/div><div class=\"fusion-fullwidth fullwidth-box fusion-builder-row-2 fusion-flex-container has-pattern-background has-mask-background nonhundred-percent-fullwidth non-hundred-percent-height-scrolling\" style=\"--awb-border-radius-top-left:0px;--awb-border-radius-top-right:0px;--awb-border-radius-bottom-right:0px;--awb-border-radius-bottom-left:0px;--awb-flex-wrap:wrap;\" ><div class=\"fusion-builder-row fusion-row fusion-flex-align-items-flex-start fusion-flex-content-wrap\" style=\"max-width:1310.4px;margin-left: calc(-4% \/ 2 );margin-right: calc(-4% \/ 2 );\"><div class=\"fusion-layout-column fusion_builder_column fusion-builder-column-4 fusion_builder_column_1_2 1_2 fusion-flex-column\" style=\"--awb-bg-size:cover;--awb-width-large:50%;--awb-margin-top-large:20px;--awb-spacing-right-large:3.84%;--awb-margin-bottom-large:20px;--awb-spacing-left-large:3.84%;--awb-width-medium:50%;--awb-order-medium:0;--awb-spacing-right-medium:3.84%;--awb-spacing-left-medium:3.84%;--awb-width-small:100%;--awb-order-small:0;--awb-spacing-right-small:1.92%;--awb-spacing-left-small:1.92%;\"><div class=\"fusion-column-wrapper fusion-column-has-shadow fusion-flex-justify-content-flex-start fusion-content-layout-column\"><div class=\"fusion-title title fusion-title-5 fusion-sep-none fusion-title-text fusion-title-size-three\"><h3 class=\"fusion-title-heading title-heading-left fusion-responsive-typography-calculated\" style=\"margin:0;--fontSize:36;line-height:1.3;\"><strong>Pokonywanie barier j\u0119zykowych<\/strong><\/h3><\/div><div class=\"fusion-text fusion-text-5\"><p>Pomagamy\u00a0<strong>prze\u0142ama\u0107 bariery j\u0119zykowe<\/strong>, aby\u015b m\u00f3g\u0142 czu\u0107 si\u0119 swobodnie w nowym miejscu pracy. Nasz zesp\u00f3\u0142 rozumie r\u00f3\u017cnice kulturowe i dostosowuje si\u0119 do Twoich potrzeb, aby wspiera\u0107 Ci\u0119 w codziennych wyzwaniach.<\/p>\n<\/div><\/div><\/div><\/div><\/div><div class=\"fusion-fullwidth fullwidth-box fusion-builder-row-3 fusion-flex-container nonhundred-percent-fullwidth non-hundred-percent-height-scrolling\" style=\"--link_color: var(--awb-color1);--awb-border-radius-top-left:0px;--awb-border-radius-top-right:0px;--awb-border-radius-bottom-right:0px;--awb-border-radius-bottom-left:0px;--awb-padding-top:20px;--awb-padding-bottom:20px;--awb-padding-top-small:40px;--awb-padding-right-small:20px;--awb-padding-bottom-small:0px;--awb-padding-left-small:20px;--awb-flex-wrap:wrap;\" ><div class=\"fusion-builder-row fusion-row fusion-flex-align-items-center fusion-flex-justify-content-center fusion-flex-content-wrap\" style=\"max-width:1310.4px;margin-left: calc(-4% \/ 2 );margin-right: calc(-4% \/ 2 );\"><div class=\"fusion-layout-column fusion_builder_column fusion-builder-column-5 fusion_builder_column_1_1 1_1 fusion-flex-column\" style=\"--awb-padding-top:5%;--awb-padding-right:6%;--awb-padding-bottom:5%;--awb-padding-left:6%;--awb-overflow:hidden;--awb-bg-color:var(--awb-custom10);--awb-bg-color-hover:var(--awb-custom10);--awb-bg-size:cover;--awb-box-shadow:0px 24px 40px 0px hsla(var(--awb-custom1-h),var(--awb-custom1-s),var(--awb-custom1-l),calc( var(--awb-custom1-a) - 76% ));;--awb-border-radius:24px 24px 24px 24px;--awb-width-large:100%;--awb-margin-top-large:20px;--awb-spacing-right-large:0%;--awb-margin-bottom-large:20px;--awb-spacing-left-large:0%;--awb-width-medium:100%;--awb-order-medium:0;--awb-spacing-right-medium:0%;--awb-spacing-left-medium:0%;--awb-width-small:100%;--awb-order-small:0;--awb-spacing-right-small:1.92%;--awb-spacing-left-small:1.92%;\"><div class=\"fusion-column-wrapper fusion-column-has-shadow fusion-flex-justify-content-flex-start fusion-content-layout-column\"><div class=\"fusion-builder-row fusion-builder-row-inner fusion-row fusion-flex-align-items-center fusion-flex-justify-content-center fusion-flex-content-wrap\" style=\"width:104% !important;max-width:104% !important;margin-left: calc(-4% \/ 2 );margin-right: calc(-4% \/ 2 );\"><div class=\"fusion-layout-column fusion_builder_column_inner fusion-builder-nested-column-0 fusion_builder_column_inner_3_4 3_4 fusion-flex-column\" style=\"--awb-bg-size:cover;--awb-width-large:75%;--awb-margin-top-large:12px;--awb-spacing-right-large:2.56%;--awb-margin-bottom-large:20px;--awb-spacing-left-large:2.56%;--awb-width-medium:60%;--awb-order-medium:0;--awb-spacing-right-medium:3.2%;--awb-spacing-left-medium:3.2%;--awb-width-small:100%;--awb-order-small:0;--awb-spacing-right-small:1.92%;--awb-margin-bottom-small:0px;--awb-spacing-left-small:1.92%;\"><div class=\"fusion-column-wrapper fusion-column-has-shadow fusion-flex-justify-content-flex-start fusion-content-layout-column\"><div class=\"fusion-title title fusion-title-6 fusion-sep-none fusion-title-text fusion-title-size-one\" style=\"--awb-text-color:var(--awb-color1);\"><h1 class=\"fusion-title-heading title-heading-left sm-text-align-center fusion-responsive-typography-calculated\" style=\"margin:0;--fontSize:54;line-height:var(--awb-typography1-line-height);\">Indywidualne doradztwo<\/h1><\/div><div class=\"fusion-text fusion-text-6 sm-text-align-center\" style=\"--awb-font-size:26px;--awb-line-height:36px;--awb-text-color:var(--awb-color1);\"><p>Ch\u0119tnie ustalimy osobisty termin na indywidualn\u0105 konsultacj\u0119.<\/p>\n<\/div><\/div><\/div><div class=\"fusion-layout-column fusion_builder_column_inner fusion-builder-nested-column-1 fusion_builder_column_inner_1_4 1_4 fusion-flex-column\" style=\"--awb-bg-size:cover;--awb-width-large:25%;--awb-margin-top-large:20px;--awb-spacing-right-large:7.68%;--awb-margin-bottom-large:20px;--awb-spacing-left-large:7.68%;--awb-width-medium:40%;--awb-order-medium:0;--awb-spacing-right-medium:4.8%;--awb-spacing-left-medium:4.8%;--awb-width-small:100%;--awb-order-small:0;--awb-spacing-right-small:1.92%;--awb-spacing-left-small:1.92%;\"><div class=\"fusion-column-wrapper fusion-column-has-shadow fusion-flex-justify-content-flex-start fusion-content-layout-column\"><div style=\"text-align:center;\"><a class=\"fusion-button button-flat fusion-button-default-size button-default fusion-button-default button-1 fusion-button-span-yes fusion-button-default-type\" target=\"_self\" href=\"https:\/\/novum-hr.de\/pl\/skontaktuj-sie-z-nami\/\"><span class=\"fusion-button-text\">Um\u00f3w termin<\/span><\/a><\/div><\/div><\/div><\/div><\/div><\/div><\/div><\/div>\n<\/p>\n","protected":false},"excerpt":{"rendered":"","protected":false},"author":1,"featured_media":0,"parent":0,"menu_order":0,"comment_status":"closed","ping_status":"closed","template":"","meta":{"footnotes":""},"class_list":["post-2745","page","type-page","status-publish","hentry"],"_links":{"self":[{"href":"https:\/\/novum-hr.de\/pl\/wp-json\/wp\/v2\/pages\/2745","targetHints":{"allow":["GET"]}}],"collection":[{"href":"https:\/\/novum-hr.de\/pl\/wp-json\/wp\/v2\/pages"}],"about":[{"href":"https:\/\/novum-hr.de\/pl\/wp-json\/wp\/v2\/types\/page"}],"author":[{"embeddable":true,"href":"https:\/\/novum-hr.de\/pl\/wp-json\/wp\/v2\/users\/1"}],"replies":[{"embeddable":true,"href":"https:\/\/novum-hr.de\/pl\/wp-json\/wp\/v2\/comments?post=2745"}],"version-history":[{"count":9,"href":"https:\/\/novum-hr.de\/pl\/wp-json\/wp\/v2\/pages\/2745\/revisions"}],"predecessor-version":[{"id":2956,"href":"https:\/\/novum-hr.de\/pl\/wp-json\/wp\/v2\/pages\/2745\/revisions\/2956"}],"wp:attachment":[{"href":"https:\/\/novum-hr.de\/pl\/wp-json\/wp\/v2\/media?parent=2745"}],"curies":[{"name":"wp","href":"https:\/\/api.w.org\/{rel}","templated":true}]}}