{"id":2748,"date":"2024-08-11T13:16:55","date_gmt":"2024-08-11T11:16:55","guid":{"rendered":"https:\/\/novum-hr.de\/?page_id=2748"},"modified":"2025-01-09T13:01:46","modified_gmt":"2025-01-09T12:01:46","slug":"pracodawca","status":"publish","type":"page","link":"https:\/\/novum-hr.de\/pl\/pracodawca\/","title":{"rendered":"Dla Firm"},"content":{"rendered":"<p><div class=\"fusion-fullwidth fullwidth-box fusion-builder-row-1 fusion-flex-container has-pattern-background has-mask-background nonhundred-percent-fullwidth non-hundred-percent-height-scrolling\" style=\"--awb-border-radius-top-left:0px;--awb-border-radius-top-right:0px;--awb-border-radius-bottom-right:0px;--awb-border-radius-bottom-left:0px;--awb-flex-wrap:wrap;\" ><div class=\"fusion-builder-row fusion-row fusion-flex-align-items-flex-start fusion-flex-content-wrap\" style=\"max-width:1310.4px;margin-left: calc(-4% \/ 2 );margin-right: calc(-4% \/ 2 );\"><div class=\"fusion-layout-column fusion_builder_column fusion-builder-column-0 fusion_builder_column_1_2 1_2 fusion-flex-column\" style=\"--awb-bg-size:cover;--awb-width-large:50%;--awb-margin-top-large:20px;--awb-spacing-right-large:3.84%;--awb-margin-bottom-large:20px;--awb-spacing-left-large:3.84%;--awb-width-medium:50%;--awb-order-medium:0;--awb-spacing-right-medium:3.84%;--awb-spacing-left-medium:3.84%;--awb-width-small:100%;--awb-order-small:0;--awb-spacing-right-small:1.92%;--awb-spacing-left-small:1.92%;\"><div class=\"fusion-column-wrapper fusion-column-has-shadow fusion-flex-justify-content-flex-start fusion-content-layout-column\"><div class=\"fusion-title title fusion-title-1 fusion-sep-none fusion-title-text fusion-title-size-three\"><h3 class=\"fusion-title-heading title-heading-left fusion-responsive-typography-calculated\" style=\"margin:0;--fontSize:36;line-height:1.3;\"><span data-olk-copy-source=\"MessageBody\">Rekrutacja i po\u015brednictwo pracy<\/span><\/h3><\/div><div class=\"fusion-text fusion-text-1\"><p class=\"x_MsoNormal\" data-olk-copy-source=\"MessageBody\">Rekrutujemy <strong>wykwalifikowanych specjalist\u00f3w<\/strong> w bran\u017cach: <strong>spedycji<\/strong>, <strong>budownictwa<\/strong> i <strong>opieki<\/strong> \u2013 bez um\u00f3w na czas okre\u015blony. Naszym priorytetem s\u0105 <strong>uczciwe warunki pracy<\/strong> oraz <strong>zr\u00f3wnowa\u017cone \u015brodowisko zawodowe<\/strong>, kt\u00f3re przynosi korzy\u015bci obu stronom.<\/p>\n<div>\n<p class=\"x_MsoNormal\">Nasze <strong>elastyczne modele<\/strong> oferuj\u0105 <strong>indywidualnie dopasowane rozwi\u0105zania<\/strong>, kt\u00f3re idealnie odpowiadaj\u0105 na Twoje potrzeby. Dzi\u0119ki temu zapewniamy, \u017ce Tw\u00f3j zesp\u00f3\u0142 b\u0119dzie wspierany przez <strong>wysokiej klasy specjalist\u00f3w<\/strong>, a wszystkie procesy b\u0119d\u0105 przebiega\u0142y <strong>sprawnie <br \/>i efektywnie<\/strong>.<\/p>\n<\/div>\n<div>\n<p class=\"x_MsoNormal\">Dzi\u0119ki <strong>transparentnej komunikacji<\/strong>, <strong>uczciwemu wynagrodzeniu <br \/><\/strong>i <strong>partnerskiej wsp\u00f3\u0142pracy <\/strong>tworzymy d\u0142ugoterminowe korzy\u015bci \u2013 zar\u00f3wno dla <strong>pracodawc\u00f3w<\/strong>, jak i <strong>pracownik\u00f3w<\/strong>.<\/p>\n<\/div>\n<div>\n<p class=\"x_MsoNormal\">Poznaj, jak <strong style=\"color: var(--awb-text-color); font-family: var(--h2_typography-font-family); font-size: 1em; font-style: var(--h2_typography-font-style,normal); letter-spacing: var(--h2_typography-letter-spacing); text-transform: var(--h2_typography-text-transform); background-color: var(--awb-bg-color);\"><span data-olk-copy-source=\"MessageBody\"><span style=\"color: #0a4056;\">novum\/HR<span style=\"color: var(--awb-color7);\">.<\/span><\/span><\/span><\/strong> mo\u017ce wynie\u015b\u0107 Twoj\u0105 strategi\u0119 personaln\u0105 na <strong>wy\u017cszy poziom<\/strong>!<\/p>\n<\/div>\n<\/div><\/div><\/div><div class=\"fusion-layout-column fusion_builder_column fusion-builder-column-1 fusion_builder_column_1_2 1_2 fusion-flex-column\" style=\"--awb-bg-size:cover;--awb-width-large:50%;--awb-margin-top-large:20px;--awb-spacing-right-large:3.84%;--awb-margin-bottom-large:20px;--awb-spacing-left-large:3.84%;--awb-width-medium:50%;--awb-order-medium:0;--awb-spacing-right-medium:3.84%;--awb-spacing-left-medium:3.84%;--awb-width-small:100%;--awb-order-small:0;--awb-spacing-right-small:1.92%;--awb-spacing-left-small:1.92%;\"><div class=\"fusion-column-wrapper fusion-column-has-shadow fusion-flex-justify-content-flex-start fusion-content-layout-column\"><div class=\"fusion-title title fusion-title-2 fusion-sep-none fusion-title-text fusion-title-size-three\"><h3 class=\"fusion-title-heading title-heading-left fusion-responsive-typography-calculated\" style=\"margin:0;--fontSize:36;line-height:1.3;\"><span data-olk-copy-source=\"MessageBody\">Innowacyjne systemy czasu pracy \u2013 elastyczno\u015b\u0107 dla wsp\u00f3\u0142czesnego \u015bwiata pracy<\/span><\/h3><\/div><div class=\"fusion-text fusion-text-2\"><p class=\"x_MsoNormal\" data-olk-copy-source=\"MessageBody\">W dynamicznie zmieniaj\u0105cym si\u0119 \u015brodowisku zawodowym <strong style=\"color: var(--awb-text-color); font-family: var(--h2_typography-font-family); font-size: 1em; font-style: var(--h2_typography-font-style,normal); letter-spacing: var(--h2_typography-letter-spacing); text-transform: var(--h2_typography-text-transform); background-color: var(--awb-bg-color);\"><span data-olk-copy-source=\"MessageBody\"><span style=\"color: #0a4056;\">novum\/HR<span style=\"color: var(--awb-color7);\">.<\/span><\/span><\/span><\/strong>&nbsp;wprowadza <strong>innowacyjne modele czasu pracy<\/strong>, kt\u00f3re umo\u017cliwiaj\u0105 <strong>elastyczne planowanie<\/strong> i gwarantuj\u0105 <strong>r\u00f3wnowag\u0119 mi\u0119dzy prac\u0105 a \u017cyciem prywatnym<\/strong>.<br \/>Tradycyjne modele pracy na pe\u0142en lub niepe\u0142ny etat cz\u0119sto nie spe\u0142niaj\u0105 wymaga\u0144 wsp\u00f3\u0142czesnego rynku.<\/p>\n<div>\n<p class=\"x_MsoNormal\">Nasze <b>dopasowane do potrzeb rozwi\u0105zania<\/b> prze\u0142amuj\u0105 konwencjonalne struktury, oferuj\u0105c modele dostosowane do wymaga\u0144 nowoczesnego \u017cycia zawodowego. Te <b>innowacyjne systemy czasu pracy<\/b> zdoby\u0142y uznanie naszych klient\u00f3w i sta\u0142y si\u0119 dla nich <b>niezast\u0105pione<\/b>. Podnie\u015b <b>zadowolenie swoich pracownik\u00f3w<\/b>, jednocze\u015bnie optymalizuj\u0105c <b>wydajno\u015b\u0107 swoich proces\u00f3w<\/b>.<\/p>\n<\/div>\n<\/div><\/div><\/div><div class=\"fusion-layout-column fusion_builder_column fusion-builder-column-2 fusion_builder_column_1_2 1_2 fusion-flex-column\" style=\"--awb-bg-size:cover;--awb-width-large:50%;--awb-margin-top-large:20px;--awb-spacing-right-large:3.84%;--awb-margin-bottom-large:20px;--awb-spacing-left-large:3.84%;--awb-width-medium:50%;--awb-order-medium:0;--awb-spacing-right-medium:3.84%;--awb-spacing-left-medium:3.84%;--awb-width-small:100%;--awb-order-small:0;--awb-spacing-right-small:1.92%;--awb-spacing-left-small:1.92%;\"><div class=\"fusion-column-wrapper fusion-column-has-shadow fusion-flex-justify-content-flex-start fusion-content-layout-column\"><div class=\"fusion-title title fusion-title-3 fusion-sep-none fusion-title-text fusion-title-size-three\"><h3 class=\"fusion-title-heading title-heading-left fusion-responsive-typography-calculated\" style=\"margin:0;--fontSize:36;line-height:1.3;\"><span data-olk-copy-source=\"MessageBody\">Analiza, doradztwo i wsparcie<\/span><\/h3><\/div><div class=\"fusion-text fusion-text-3\"><p>Przeprowadzamy <b>dok\u0142adne analizy, oferujemy doradztwo w zakresie trwa\u0142ych rozwi\u0105za\u0144<\/b> i wspieramy w realizacji wszystkich spraw zwi\u0105zanych z <b>ubezpieczeniami zdrowotnymi, spo\u0142ecznymi oraz urz\u0119dem skarbowym<\/b>. <\/p>\n<\/p>\n<p>Wiele dzia\u0142\u00f3w kadr dzia\u0142a w <b>przestarza\u0142y<\/b> spos\u00f3b, cz\u0119sto <b>brakuje im digitalizacji i dobrej organizacji<\/b>. To prowadzi do problem\u00f3w, takich jak b\u0142\u0119dne zg\u0142oszenia do ubezpiecze\u0144, niew\u0142a\u015bciwe klasy podatkowe, b\u0142\u0119dy w wyp\u0142atach wynagrodze\u0144 czy nie\u015bcis\u0142o\u015bci w rozliczeniach wydatk\u00f3w. Takie trudno\u015bci powoduj\u0105 <b>frustracj\u0119 <\/b>w dzia\u0142ach kadr, ksi\u0119gowo\u015bci i w\u015br\u00f3d pracownik\u00f3w, a tak\u017ce marnuj\u0105 <b>cenny czas pracy<\/b>. <\/p>\n<\/p>\n<p>Pomagamy zidentyfikowa\u0107 te problemy, analizujemy je i wdra\u017camy <b>odpowiednie rozwi\u0105zania<\/b>, aby zapewni\u0107 <b>zadowolenie<\/b> zar\u00f3wno <b>pracodawcom<\/b>, jak i <b>pracownikom<\/b>. <\/p>\n<div>\n<\/div>\n<\/div><\/div><\/div><\/div><\/div><div class=\"fusion-fullwidth fullwidth-box fusion-builder-row-2 fusion-flex-container nonhundred-percent-fullwidth non-hundred-percent-height-scrolling\" style=\"--link_color: var(--awb-color1);--awb-border-radius-top-left:0px;--awb-border-radius-top-right:0px;--awb-border-radius-bottom-right:0px;--awb-border-radius-bottom-left:0px;--awb-padding-top:20px;--awb-padding-bottom:20px;--awb-padding-top-small:40px;--awb-padding-right-small:20px;--awb-padding-bottom-small:0px;--awb-padding-left-small:20px;--awb-flex-wrap:wrap;\" ><div class=\"fusion-builder-row fusion-row fusion-flex-align-items-center fusion-flex-justify-content-center fusion-flex-content-wrap\" style=\"max-width:1310.4px;margin-left: calc(-4% \/ 2 );margin-right: calc(-4% \/ 2 );\"><div class=\"fusion-layout-column fusion_builder_column fusion-builder-column-3 fusion_builder_column_1_1 1_1 fusion-flex-column\" style=\"--awb-padding-top:5%;--awb-padding-right:6%;--awb-padding-bottom:5%;--awb-padding-left:6%;--awb-overflow:hidden;--awb-bg-color:var(--awb-custom10);--awb-bg-color-hover:var(--awb-custom10);--awb-bg-size:cover;--awb-box-shadow:0px 24px 40px 0px hsla(var(--awb-custom1-h),var(--awb-custom1-s),var(--awb-custom1-l),calc( var(--awb-custom1-a) - 76% ));;--awb-border-radius:24px 24px 24px 24px;--awb-width-large:100%;--awb-margin-top-large:20px;--awb-spacing-right-large:0%;--awb-margin-bottom-large:20px;--awb-spacing-left-large:0%;--awb-width-medium:100%;--awb-order-medium:0;--awb-spacing-right-medium:0%;--awb-spacing-left-medium:0%;--awb-width-small:100%;--awb-order-small:0;--awb-spacing-right-small:1.92%;--awb-spacing-left-small:1.92%;\"><div class=\"fusion-column-wrapper fusion-column-has-shadow fusion-flex-justify-content-flex-start fusion-content-layout-column\"><div class=\"fusion-builder-row fusion-builder-row-inner fusion-row fusion-flex-align-items-center fusion-flex-justify-content-center fusion-flex-content-wrap\" style=\"width:104% !important;max-width:104% !important;margin-left: calc(-4% \/ 2 );margin-right: calc(-4% \/ 2 );\"><div class=\"fusion-layout-column fusion_builder_column_inner fusion-builder-nested-column-0 fusion_builder_column_inner_3_4 3_4 fusion-flex-column\" style=\"--awb-bg-size:cover;--awb-width-large:75%;--awb-margin-top-large:12px;--awb-spacing-right-large:2.56%;--awb-margin-bottom-large:20px;--awb-spacing-left-large:2.56%;--awb-width-medium:60%;--awb-order-medium:0;--awb-spacing-right-medium:3.2%;--awb-spacing-left-medium:3.2%;--awb-width-small:100%;--awb-order-small:0;--awb-spacing-right-small:1.92%;--awb-margin-bottom-small:0px;--awb-spacing-left-small:1.92%;\"><div class=\"fusion-column-wrapper fusion-column-has-shadow fusion-flex-justify-content-flex-start fusion-content-layout-column\"><div class=\"fusion-title title fusion-title-4 fusion-sep-none fusion-title-text fusion-title-size-one\" style=\"--awb-text-color:var(--awb-color1);\"><h1 class=\"fusion-title-heading title-heading-left sm-text-align-center fusion-responsive-typography-calculated\" style=\"margin:0;--fontSize:54;line-height:var(--awb-typography1-line-height);\">Indywidualne doradztwo<\/h1><\/div><div class=\"fusion-text fusion-text-4 sm-text-align-center\" style=\"--awb-font-size:26px;--awb-line-height:36px;--awb-text-color:var(--awb-color1);\"><p>Ch\u0119tnie ustalimy osobisty termin na indywidualn\u0105 konsultacj\u0119.<\/p>\n<\/div><\/div><\/div><div class=\"fusion-layout-column fusion_builder_column_inner fusion-builder-nested-column-1 fusion_builder_column_inner_1_4 1_4 fusion-flex-column\" style=\"--awb-bg-size:cover;--awb-width-large:25%;--awb-margin-top-large:20px;--awb-spacing-right-large:7.68%;--awb-margin-bottom-large:20px;--awb-spacing-left-large:7.68%;--awb-width-medium:40%;--awb-order-medium:0;--awb-spacing-right-medium:4.8%;--awb-spacing-left-medium:4.8%;--awb-width-small:100%;--awb-order-small:0;--awb-spacing-right-small:1.92%;--awb-spacing-left-small:1.92%;\"><div class=\"fusion-column-wrapper fusion-column-has-shadow fusion-flex-justify-content-flex-start fusion-content-layout-column\"><div style=\"text-align:center;\"><a class=\"fusion-button button-flat fusion-button-default-size button-default fusion-button-default button-1 fusion-button-span-yes fusion-button-default-type\" target=\"_self\" href=\"https:\/\/novum-hr.de\/pl\/skontaktuj-sie-z-nami\/\"><span class=\"fusion-button-text\">Um\u00f3w termin<\/span><\/a><\/div><\/div><\/div><\/div><\/div><\/div><\/div><\/div>\n<\/p>\n","protected":false},"excerpt":{"rendered":"","protected":false},"author":1,"featured_media":0,"parent":0,"menu_order":0,"comment_status":"closed","ping_status":"closed","template":"","meta":{"footnotes":""},"class_list":["post-2748","page","type-page","status-publish","hentry"],"_links":{"self":[{"href":"https:\/\/novum-hr.de\/pl\/wp-json\/wp\/v2\/pages\/2748","targetHints":{"allow":["GET"]}}],"collection":[{"href":"https:\/\/novum-hr.de\/pl\/wp-json\/wp\/v2\/pages"}],"about":[{"href":"https:\/\/novum-hr.de\/pl\/wp-json\/wp\/v2\/types\/page"}],"author":[{"embeddable":true,"href":"https:\/\/novum-hr.de\/pl\/wp-json\/wp\/v2\/users\/1"}],"replies":[{"embeddable":true,"href":"https:\/\/novum-hr.de\/pl\/wp-json\/wp\/v2\/comments?post=2748"}],"version-history":[{"count":15,"href":"https:\/\/novum-hr.de\/pl\/wp-json\/wp\/v2\/pages\/2748\/revisions"}],"predecessor-version":[{"id":2887,"href":"https:\/\/novum-hr.de\/pl\/wp-json\/wp\/v2\/pages\/2748\/revisions\/2887"}],"wp:attachment":[{"href":"https:\/\/novum-hr.de\/pl\/wp-json\/wp\/v2\/media?parent=2748"}],"curies":[{"name":"wp","href":"https:\/\/api.w.org\/{rel}","templated":true}]}}